{"id":18170,"date":"2024-04-06T15:29:04","date_gmt":"2024-04-06T12:29:04","guid":{"rendered":"https:\/\/www.omj.fi\/?page_id=18170"},"modified":"2026-03-30T11:21:55","modified_gmt":"2026-03-30T08:21:55","slug":"oulun-musiikkijuhlasaatio-sr","status":"publish","type":"page","link":"https:\/\/www.omj.fi\/en\/oulun-musiikkijuhlasaatio-sr\/","title":{"rendered":"Oulu Music Festival Foundation"},"content":{"rendered":"<div data-elementor-type=\"wp-page\" data-elementor-id=\"18170\" class=\"elementor elementor-18170\">\n\t\t\t\t\t\t<section class=\"elementor-section elementor-top-section elementor-element elementor-element-45b438d elementor-section-full_width elementor-section-height-default elementor-section-height-default\" data-id=\"45b438d\" data-element_type=\"section\" data-e-type=\"section\">\n\t\t\t\t\t\t<div class=\"elementor-container elementor-column-gap-no\">\n\t\t\t\t\t<div class=\"elementor-column elementor-col-100 elementor-top-column elementor-element elementor-element-eab16e4\" data-id=\"eab16e4\" data-element_type=\"column\" data-e-type=\"column\">\n\t\t\t<div class=\"elementor-widget-wrap elementor-element-populated\">\n\t\t\t\t\t\t<section class=\"elementor-section elementor-inner-section elementor-element elementor-element-b72b763 elementor-section-full_width elementor-section-height-default elementor-section-height-default\" data-id=\"b72b763\" data-element_type=\"section\" data-e-type=\"section\">\n\t\t\t\t\t\t<div class=\"elementor-container elementor-column-gap-no\">\n\t\t\t\t\t<div class=\"elementor-column elementor-col-100 elementor-inner-column elementor-element elementor-element-1858fe8\" data-id=\"1858fe8\" data-element_type=\"column\" data-e-type=\"column\" data-settings=\"{&quot;background_background&quot;:&quot;classic&quot;}\">\n\t\t\t<div class=\"elementor-widget-wrap elementor-element-populated\">\n\t\t\t\t\t\t<div class=\"elementor-element elementor-element-c4a5bed elementor-widget elementor-widget-heading\" data-id=\"c4a5bed\" data-element_type=\"widget\" data-e-type=\"widget\" data-widget_type=\"heading.default\">\n\t\t\t\t<div class=\"elementor-widget-container\">\n\t\t\t\t\t<h2 class=\"elementor-heading-title elementor-size-default\"><h2 style=\"font-family: Jost, sans-serif\">OULU MUSIC FESTIVAL FOUNDATION<span style=\"color: inherit;font-family: inherit;font-size: 2rem\"><\/span><\/h2><\/h2>\t\t\t\t<\/div>\n\t\t\t\t<\/div>\n\t\t\t\t<div class=\"elementor-element elementor-element-ad11f4e elementor-widget elementor-widget-text-editor\" data-id=\"ad11f4e\" data-element_type=\"widget\" data-e-type=\"widget\" data-widget_type=\"text-editor.default\">\n\t\t\t\t<div class=\"elementor-widget-container\">\n\t\t\t\t\t\t\t\t\t<p>Oulu Music Festival Foundation was established by the City of Oulu in 1990, and is the organization behind the Oulu Music Festival. In addition to producing the Oulu Music Festival, the foundation organizes the year-round Jazz &amp; Etno concert series and Jazzpatio events on summers. Furthermore, the foundation hosts annual masterclasses in conjunction with the Oulu Music Festival. The Oulu Music Festival Foundation collaborates with several different organizations.<\/p>\t\t\t\t\t\t\t\t<\/div>\n\t\t\t\t<\/div>\n\t\t\t\t<div class=\"elementor-element elementor-element-75228a3 elementor-widget elementor-widget-text-editor\" data-id=\"75228a3\" data-element_type=\"widget\" data-e-type=\"widget\" data-widget_type=\"text-editor.default\">\n\t\t\t\t<div class=\"elementor-widget-container\">\n\t\t\t\t\t\t\t\t\t<h4 style=\"font-family: Jost, sans-serif; color: #333333;\">BOARD OF THE FOUNDATION<\/h4><div><p>The activities of the Oulu Music Festival Foundation are directed by the foundation\u2019s Board of Directors. During the 2025\u20132029 term, the Chair of the Board is Aleksanteri Kekonen and the Vice Chair is Virpi R\u00e4is\u00e4nen.<\/p><\/div><div><p>The members of the Foundation's Board are Veikko Ervasti, Taina Kyr\u00f6nlampi, and Juho Vehkaoja, and the personal deputies are Juuso S\u00e4kkinen, Maija Saraste, Ari-Pekka Sirvi\u00f6, Suvi Suonsivu, and Riitta M\u00f6r\u00f6.<\/p><\/div>\t\t\t\t\t\t\t\t<\/div>\n\t\t\t\t<\/div>\n\t\t\t\t<div class=\"elementor-element elementor-element-e66cf13 elementor-widget elementor-widget-text-editor\" data-id=\"e66cf13\" data-element_type=\"widget\" data-e-type=\"widget\" data-widget_type=\"text-editor.default\">\n\t\t\t\t<div class=\"elementor-widget-container\">\n\t\t\t\t\t\t\t\t\t<h4 style=\"font-family: Jost, sans-serif; color: #333333;\">ARTISTIC DIRECTORS<\/h4><div><p>The artistic content of the Oulu Music Festival program is the responsibility of the artistic directors. In 2022, the Oulu Music Festival switched to a model of two artistic directors. Soprano Mari Palo has been responsible for the classical music program since 2023. Pianist, moogist and composer Kari Ikonen has been responsible for planning the rhythm music program since 2024. Learn more about the artistic directors on the <a href=\"https:\/\/www.omj.fi\/en\/taiteelliset-johtajat\/\" target=\"_blank\" rel=\"noopener\">Artistic Directors<\/a>\u00a0page.\u00a0<\/p><h6>ARTISTIC DIRECTORS OF THE OULU MUSIC FESTIVAL THROUGHOUT THE YEARS<\/h6><p>1984\u20131991\u00a0Ari Angervo (Madetoja Week)<br \/>1991\u20131993 Seppo Kimanen<br \/>1994\u20132001 Ismo Siren<br \/>2002\u20132008 Mika R\u00e4nn\u00e4li<br \/>2009\u20132012 Niko Kumpuvaara<br \/>2013\u20132021 Jaakko Kuusisto<br \/>2022\u00a0Elina V\u00e4h\u00e4l\u00e4\u00a0and\u00a0Jukka Perko<br \/>2023\u00a0Mari Palo and Jukka Perko<br \/>2024\u20132026 Mari Palo and Kari Ikonen<sup id=\"cite_ref-5\" class=\"reference\"><\/sup><\/p><\/div>\t\t\t\t\t\t\t\t<\/div>\n\t\t\t\t<\/div>\n\t\t\t\t\t<\/div>\n\t\t<\/div>\n\t\t\t\t\t<\/div>\n\t\t<\/section>\n\t\t\t\t\t<\/div>\n\t\t<\/div>\n\t\t\t\t\t<\/div>\n\t\t<\/section>\n\t\t\t\t<section class=\"elementor-section elementor-top-section elementor-element elementor-element-117b45b elementor-section-boxed elementor-section-height-default elementor-section-height-default\" data-id=\"117b45b\" data-element_type=\"section\" data-e-type=\"section\">\n\t\t\t\t\t\t<div class=\"elementor-container elementor-column-gap-default\">\n\t\t\t\t\t<div class=\"elementor-column elementor-col-100 elementor-top-column elementor-element elementor-element-b76646e\" data-id=\"b76646e\" data-element_type=\"column\" data-e-type=\"column\">\n\t\t\t<div class=\"elementor-widget-wrap elementor-element-populated\">\n\t\t\t\t\t\t<div class=\"elementor-element elementor-element-5c5aaf5 elementor-widget-divider--view-line elementor-widget elementor-widget-divider\" data-id=\"5c5aaf5\" data-element_type=\"widget\" data-e-type=\"widget\" data-widget_type=\"divider.default\">\n\t\t\t\t<div class=\"elementor-widget-container\">\n\t\t\t\t\t\t\t<div class=\"elementor-divider\">\n\t\t\t<span class=\"elementor-divider-separator\">\n\t\t\t\t\t\t<\/span>\n\t\t<\/div>\n\t\t\t\t\t\t<\/div>\n\t\t\t\t<\/div>\n\t\t\t\t<div class=\"elementor-element elementor-element-fc51e4b elementor-widget elementor-widget-heading\" data-id=\"fc51e4b\" data-element_type=\"widget\" data-e-type=\"widget\" data-widget_type=\"heading.default\">\n\t\t\t\t<div class=\"elementor-widget-container\">\n\t\t\t\t\t<h2 class=\"elementor-heading-title elementor-size-default\"><h2 style=\"font-family: Jost, sans-serif\">THE OULU MUSIC FESTIVAL TEAM<span style=\"color: inherit;font-family: inherit;font-size: 2rem\"><\/span><\/h2><\/h2>\t\t\t\t<\/div>\n\t\t\t\t<\/div>\n\t\t\t\t\t<\/div>\n\t\t<\/div>\n\t\t\t\t\t<\/div>\n\t\t<\/section>\n\t\t\t\t<section class=\"elementor-section elementor-top-section elementor-element elementor-element-b139cf4 elementor-section-full_width elementor-section-stretched equal-height elementor-section-height-default elementor-section-height-default\" data-id=\"b139cf4\" data-element_type=\"section\" data-e-type=\"section\" data-settings=\"{&quot;stretch_section&quot;:&quot;section-stretched&quot;}\">\n\t\t\t\t\t\t<div class=\"elementor-container elementor-column-gap-no\">\n\t\t\t\t\t<div class=\"elementor-column elementor-col-20 elementor-top-column elementor-element elementor-element-4cb2b26\" data-id=\"4cb2b26\" data-element_type=\"column\" data-e-type=\"column\">\n\t\t\t<div class=\"elementor-widget-wrap elementor-element-populated\">\n\t\t\t\t\t\t<section class=\"elementor-section elementor-inner-section elementor-element elementor-element-c50b59c elementor-section-full_width elementor-section-content-top elementor-section-height-default elementor-section-height-default\" data-id=\"c50b59c\" data-element_type=\"section\" data-e-type=\"section\" data-settings=\"{&quot;background_background&quot;:&quot;classic&quot;}\">\n\t\t\t\t\t\t<div class=\"elementor-container elementor-column-gap-no\">\n\t\t\t\t\t<div class=\"elementor-column elementor-col-100 elementor-inner-column elementor-element elementor-element-9170363\" data-id=\"9170363\" data-element_type=\"column\" data-e-type=\"column\">\n\t\t\t<div class=\"elementor-widget-wrap elementor-element-populated\">\n\t\t\t\t\t\t<div class=\"elementor-element elementor-element-ab6b5df elementor-widget elementor-widget-image\" data-id=\"ab6b5df\" data-element_type=\"widget\" data-e-type=\"widget\" data-widget_type=\"image.default\">\n\t\t\t\t<div class=\"elementor-widget-container\">\n\t\t\t\t\t\t\t\t\t\t\t\t\t\t\t<img fetchpriority=\"high\" decoding=\"async\" width=\"400\" height=\"300\" src=\"https:\/\/www.omj.fi\/wp-content\/uploads\/2022\/06\/Elena-Mindru-Turunen-OMJ-Toimitusjohtaja.jpg\" class=\"attachment-full size-full wp-image-13382\" alt=\"Elena-Mindru-Turunen OMJ Toimitusjohtaja\" srcset=\"https:\/\/www.omj.fi\/wp-content\/uploads\/2022\/06\/Elena-Mindru-Turunen-OMJ-Toimitusjohtaja.jpg 400w, https:\/\/www.omj.fi\/wp-content\/uploads\/2022\/06\/Elena-Mindru-Turunen-OMJ-Toimitusjohtaja-16x12.jpg 16w\" sizes=\"(max-width: 400px) 100vw, 400px\" title=\"\">\t\t\t\t\t\t\t\t\t\t\t\t\t\t\t<\/div>\n\t\t\t\t<\/div>\n\t\t\t\t\t<\/div>\n\t\t<\/div>\n\t\t\t\t\t<\/div>\n\t\t<\/section>\n\t\t\t\t<div class=\"elementor-element elementor-element-384c260 elementor-widget elementor-widget-heading\" data-id=\"384c260\" data-element_type=\"widget\" data-e-type=\"widget\" data-widget_type=\"heading.default\">\n\t\t\t\t<div class=\"elementor-widget-container\">\n\t\t\t\t\t<h2 class=\"elementor-heading-title elementor-size-default\">Elena M\u00eendru-Turunen<\/h2>\t\t\t\t<\/div>\n\t\t\t\t<\/div>\n\t\t\t\t<div class=\"elementor-element elementor-element-e706b30 elementor-widget elementor-widget-heading\" data-id=\"e706b30\" data-element_type=\"widget\" data-e-type=\"widget\" data-widget_type=\"heading.default\">\n\t\t\t\t<div class=\"elementor-widget-container\">\n\t\t\t\t\t<div class=\"elementor-heading-title elementor-size-default\">CEO<\/div>\t\t\t\t<\/div>\n\t\t\t\t<\/div>\n\t\t\t\t<div class=\"elementor-element elementor-element-087a2c7 elementor-widget elementor-widget-text-editor\" data-id=\"087a2c7\" data-element_type=\"widget\" data-e-type=\"widget\" data-widget_type=\"text-editor.default\">\n\t\t\t\t<div class=\"elementor-widget-container\">\n\t\t\t\t\t\t\t\t\t<p><strong>elena.mindru-turunen(at)omj.fi<\/strong><\/p><p>+358 41 318 2407<\/p>\t\t\t\t\t\t\t\t<\/div>\n\t\t\t\t<\/div>\n\t\t\t\t\t<\/div>\n\t\t<\/div>\n\t\t\t\t<div class=\"elementor-column elementor-col-20 elementor-top-column elementor-element elementor-element-e0df7e0\" data-id=\"e0df7e0\" data-element_type=\"column\" data-e-type=\"column\">\n\t\t\t<div class=\"elementor-widget-wrap elementor-element-populated\">\n\t\t\t\t\t\t<section class=\"elementor-section elementor-inner-section elementor-element elementor-element-2bb7c7e elementor-section-full_width elementor-section-content-top elementor-section-height-default elementor-section-height-default\" data-id=\"2bb7c7e\" data-element_type=\"section\" data-e-type=\"section\" data-settings=\"{&quot;background_background&quot;:&quot;classic&quot;}\">\n\t\t\t\t\t\t<div class=\"elementor-container elementor-column-gap-no\">\n\t\t\t\t\t<div class=\"elementor-column elementor-col-100 elementor-inner-column elementor-element elementor-element-fc8b0e6\" data-id=\"fc8b0e6\" data-element_type=\"column\" data-e-type=\"column\">\n\t\t\t<div class=\"elementor-widget-wrap elementor-element-populated\">\n\t\t\t\t\t\t<div class=\"elementor-element elementor-element-4134132 elementor-widget elementor-widget-image\" data-id=\"4134132\" data-element_type=\"widget\" data-e-type=\"widget\" data-widget_type=\"image.default\">\n\t\t\t\t<div class=\"elementor-widget-container\">\n\t\t\t\t\t\t\t\t\t\t\t\t\t\t\t<img decoding=\"async\" width=\"400\" height=\"300\" src=\"https:\/\/www.omj.fi\/wp-content\/uploads\/2025\/08\/Mikko-Puttonen-OMJ-yhteystiedot.png\" class=\"attachment-full size-full wp-image-20211\" alt=\"Mikko Puttonen, tuottaja-tiedottaja\" srcset=\"https:\/\/www.omj.fi\/wp-content\/uploads\/2025\/08\/Mikko-Puttonen-OMJ-yhteystiedot.png 400w, https:\/\/www.omj.fi\/wp-content\/uploads\/2025\/08\/Mikko-Puttonen-OMJ-yhteystiedot-16x12.png 16w\" sizes=\"(max-width: 400px) 100vw, 400px\" title=\"\">\t\t\t\t\t\t\t\t\t\t\t\t\t\t\t<\/div>\n\t\t\t\t<\/div>\n\t\t\t\t\t<\/div>\n\t\t<\/div>\n\t\t\t\t\t<\/div>\n\t\t<\/section>\n\t\t\t\t<div class=\"elementor-element elementor-element-537201d elementor-widget elementor-widget-heading\" data-id=\"537201d\" data-element_type=\"widget\" data-e-type=\"widget\" data-widget_type=\"heading.default\">\n\t\t\t\t<div class=\"elementor-widget-container\">\n\t\t\t\t\t<h2 class=\"elementor-heading-title elementor-size-default\">Mikko Puttonen<\/h2>\t\t\t\t<\/div>\n\t\t\t\t<\/div>\n\t\t\t\t<div class=\"elementor-element elementor-element-8ade193 elementor-widget elementor-widget-heading\" data-id=\"8ade193\" data-element_type=\"widget\" data-e-type=\"widget\" data-widget_type=\"heading.default\">\n\t\t\t\t<div class=\"elementor-widget-container\">\n\t\t\t\t\t<div class=\"elementor-heading-title elementor-size-default\">Tuottaja (poissa 4.5. asti)<\/div>\t\t\t\t<\/div>\n\t\t\t\t<\/div>\n\t\t\t\t<div class=\"elementor-element elementor-element-1128b19 elementor-widget elementor-widget-text-editor\" data-id=\"1128b19\" data-element_type=\"widget\" data-e-type=\"widget\" data-widget_type=\"text-editor.default\">\n\t\t\t\t<div class=\"elementor-widget-container\">\n\t\t\t\t\t\t\t\t\t<p><strong>mikko.puttonen(at)omj.fi<\/strong><\/p><p>\u00a0<\/p>\t\t\t\t\t\t\t\t<\/div>\n\t\t\t\t<\/div>\n\t\t\t\t\t<\/div>\n\t\t<\/div>\n\t\t\t\t<div class=\"elementor-column elementor-col-20 elementor-top-column elementor-element elementor-element-fe399f9\" data-id=\"fe399f9\" data-element_type=\"column\" data-e-type=\"column\">\n\t\t\t<div class=\"elementor-widget-wrap elementor-element-populated\">\n\t\t\t\t\t\t<section class=\"elementor-section elementor-inner-section elementor-element elementor-element-7e634c2 elementor-section-full_width elementor-section-content-top elementor-section-height-default elementor-section-height-default\" data-id=\"7e634c2\" data-element_type=\"section\" data-e-type=\"section\" data-settings=\"{&quot;background_background&quot;:&quot;classic&quot;}\">\n\t\t\t\t\t\t<div class=\"elementor-container elementor-column-gap-no\">\n\t\t\t\t\t<div class=\"elementor-column elementor-col-100 elementor-inner-column elementor-element elementor-element-e7a54f3\" data-id=\"e7a54f3\" data-element_type=\"column\" data-e-type=\"column\">\n\t\t\t<div class=\"elementor-widget-wrap elementor-element-populated\">\n\t\t\t\t\t\t<div class=\"elementor-element elementor-element-1dea2cd elementor-widget elementor-widget-image\" data-id=\"1dea2cd\" data-element_type=\"widget\" data-e-type=\"widget\" data-widget_type=\"image.default\">\n\t\t\t\t<div class=\"elementor-widget-container\">\n\t\t\t\t\t\t\t\t\t\t\t\t\t\t\t<img decoding=\"async\" width=\"1051\" height=\"788\" src=\"https:\/\/www.omj.fi\/wp-content\/uploads\/2025\/05\/Jazzpatiotyrgth.jpg\" class=\"attachment-full size-full wp-image-20099\" alt=\"\" srcset=\"https:\/\/www.omj.fi\/wp-content\/uploads\/2025\/05\/Jazzpatiotyrgth.jpg 1051w, https:\/\/www.omj.fi\/wp-content\/uploads\/2025\/05\/Jazzpatiotyrgth-768x576.jpg 768w, https:\/\/www.omj.fi\/wp-content\/uploads\/2025\/05\/Jazzpatiotyrgth-16x12.jpg 16w\" sizes=\"(max-width: 1051px) 100vw, 1051px\" title=\"\">\t\t\t\t\t\t\t\t\t\t\t\t\t\t\t<\/div>\n\t\t\t\t<\/div>\n\t\t\t\t\t<\/div>\n\t\t<\/div>\n\t\t\t\t\t<\/div>\n\t\t<\/section>\n\t\t\t\t<div class=\"elementor-element elementor-element-6ca0466 elementor-widget elementor-widget-heading\" data-id=\"6ca0466\" data-element_type=\"widget\" data-e-type=\"widget\" data-widget_type=\"heading.default\">\n\t\t\t\t<div class=\"elementor-widget-container\">\n\t\t\t\t\t<h2 class=\"elementor-heading-title elementor-size-default\">Anna-Kaisa Kettunen<\/h2>\t\t\t\t<\/div>\n\t\t\t\t<\/div>\n\t\t\t\t<div class=\"elementor-element elementor-element-27c46ba elementor-widget elementor-widget-heading\" data-id=\"27c46ba\" data-element_type=\"widget\" data-e-type=\"widget\" data-widget_type=\"heading.default\">\n\t\t\t\t<div class=\"elementor-widget-container\">\n\t\t\t\t\t<div class=\"elementor-heading-title elementor-size-default\">Producer<\/div>\t\t\t\t<\/div>\n\t\t\t\t<\/div>\n\t\t\t\t<div class=\"elementor-element elementor-element-d5af7c3 elementor-widget elementor-widget-text-editor\" data-id=\"d5af7c3\" data-element_type=\"widget\" data-e-type=\"widget\" data-widget_type=\"text-editor.default\">\n\t\t\t\t<div class=\"elementor-widget-container\">\n\t\t\t\t\t\t\t\t\t<p><strong>anna-kaisa.kettunen(at)omj.fi<\/strong><\/p><p>+358 41 3100 857<\/p>\t\t\t\t\t\t\t\t<\/div>\n\t\t\t\t<\/div>\n\t\t\t\t\t<\/div>\n\t\t<\/div>\n\t\t\t\t<div class=\"elementor-column elementor-col-20 elementor-top-column elementor-element elementor-element-9ff4507\" data-id=\"9ff4507\" data-element_type=\"column\" data-e-type=\"column\">\n\t\t\t<div class=\"elementor-widget-wrap elementor-element-populated\">\n\t\t\t\t\t\t<section class=\"elementor-section elementor-inner-section elementor-element elementor-element-f70ff2a elementor-section-full_width elementor-section-content-top elementor-section-height-default elementor-section-height-default\" data-id=\"f70ff2a\" data-element_type=\"section\" data-e-type=\"section\" data-settings=\"{&quot;background_background&quot;:&quot;classic&quot;}\">\n\t\t\t\t\t\t<div class=\"elementor-container elementor-column-gap-no\">\n\t\t\t\t\t<div class=\"elementor-column elementor-col-100 elementor-inner-column elementor-element elementor-element-20f45e9\" data-id=\"20f45e9\" data-element_type=\"column\" data-e-type=\"column\">\n\t\t\t<div class=\"elementor-widget-wrap elementor-element-populated\">\n\t\t\t\t\t\t<div class=\"elementor-element elementor-element-51d3030 elementor-widget elementor-widget-image\" data-id=\"51d3030\" data-element_type=\"widget\" data-e-type=\"widget\" data-widget_type=\"image.default\">\n\t\t\t\t<div class=\"elementor-widget-container\">\n\t\t\t\t\t\t\t\t\t\t\t\t\t\t\t<img loading=\"lazy\" decoding=\"async\" width=\"400\" height=\"300\" src=\"https:\/\/www.omj.fi\/wp-content\/uploads\/2026\/02\/OMJ-Henkilokunta-ID.png\" class=\"attachment-medium_large size-medium_large wp-image-21261\" alt=\"\" srcset=\"https:\/\/www.omj.fi\/wp-content\/uploads\/2026\/02\/OMJ-Henkilokunta-ID.png 400w, https:\/\/www.omj.fi\/wp-content\/uploads\/2026\/02\/OMJ-Henkilokunta-ID-16x12.png 16w\" sizes=\"(max-width: 400px) 100vw, 400px\" title=\"\">\t\t\t\t\t\t\t\t\t\t\t\t\t\t\t<\/div>\n\t\t\t\t<\/div>\n\t\t\t\t\t<\/div>\n\t\t<\/div>\n\t\t\t\t\t<\/div>\n\t\t<\/section>\n\t\t\t\t<div class=\"elementor-element elementor-element-d8664f5 elementor-widget elementor-widget-heading\" data-id=\"d8664f5\" data-element_type=\"widget\" data-e-type=\"widget\" data-widget_type=\"heading.default\">\n\t\t\t\t<div class=\"elementor-widget-container\">\n\t\t\t\t\t<h2 class=\"elementor-heading-title elementor-size-default\">Milja Maunuvaara<\/h2>\t\t\t\t<\/div>\n\t\t\t\t<\/div>\n\t\t\t\t<div class=\"elementor-element elementor-element-2c0b034 elementor-widget elementor-widget-heading\" data-id=\"2c0b034\" data-element_type=\"widget\" data-e-type=\"widget\" data-widget_type=\"heading.default\">\n\t\t\t\t<div class=\"elementor-widget-container\">\n\t\t\t\t\t<div class=\"elementor-heading-title elementor-size-default\">Producer-publicist<\/div>\t\t\t\t<\/div>\n\t\t\t\t<\/div>\n\t\t\t\t<div class=\"elementor-element elementor-element-86073ee elementor-widget elementor-widget-text-editor\" data-id=\"86073ee\" data-element_type=\"widget\" data-e-type=\"widget\" data-widget_type=\"text-editor.default\">\n\t\t\t\t<div class=\"elementor-widget-container\">\n\t\t\t\t\t\t\t\t\t<p><strong>milja.maunuvaara(at)omj.fi<\/strong><\/p><p>+358 449026908<\/p>\t\t\t\t\t\t\t\t<\/div>\n\t\t\t\t<\/div>\n\t\t\t\t\t<\/div>\n\t\t<\/div>\n\t\t\t\t<div class=\"elementor-column elementor-col-20 elementor-top-column elementor-element elementor-element-67c91dc\" data-id=\"67c91dc\" data-element_type=\"column\" data-e-type=\"column\">\n\t\t\t<div class=\"elementor-widget-wrap elementor-element-populated\">\n\t\t\t\t\t\t<section class=\"elementor-section elementor-inner-section elementor-element elementor-element-7f8b70f elementor-section-full_width elementor-section-content-top elementor-section-height-default elementor-section-height-default\" data-id=\"7f8b70f\" data-element_type=\"section\" data-e-type=\"section\" data-settings=\"{&quot;background_background&quot;:&quot;classic&quot;}\">\n\t\t\t\t\t\t<div class=\"elementor-container elementor-column-gap-no\">\n\t\t\t\t\t<div class=\"elementor-column elementor-col-100 elementor-inner-column elementor-element elementor-element-3f54364\" data-id=\"3f54364\" data-element_type=\"column\" data-e-type=\"column\">\n\t\t\t<div class=\"elementor-widget-wrap elementor-element-populated\">\n\t\t\t\t\t\t<div class=\"elementor-element elementor-element-96b44fa elementor-widget elementor-widget-image\" data-id=\"96b44fa\" data-element_type=\"widget\" data-e-type=\"widget\" data-widget_type=\"image.default\">\n\t\t\t\t<div class=\"elementor-widget-container\">\n\t\t\t\t\t\t\t\t\t\t\t\t\t\t\t<img loading=\"lazy\" decoding=\"async\" width=\"768\" height=\"576\" src=\"https:\/\/www.omj.fi\/wp-content\/uploads\/2025\/05\/Jazzpatiotyrgth-768x576.jpg\" class=\"attachment-medium_large size-medium_large wp-image-20099\" alt=\"\" srcset=\"https:\/\/www.omj.fi\/wp-content\/uploads\/2025\/05\/Jazzpatiotyrgth-768x576.jpg 768w, https:\/\/www.omj.fi\/wp-content\/uploads\/2025\/05\/Jazzpatiotyrgth-16x12.jpg 16w, https:\/\/www.omj.fi\/wp-content\/uploads\/2025\/05\/Jazzpatiotyrgth.jpg 1051w\" sizes=\"(max-width: 768px) 100vw, 768px\" title=\"\">\t\t\t\t\t\t\t\t\t\t\t\t\t\t\t<\/div>\n\t\t\t\t<\/div>\n\t\t\t\t\t<\/div>\n\t\t<\/div>\n\t\t\t\t\t<\/div>\n\t\t<\/section>\n\t\t\t\t<div class=\"elementor-element elementor-element-3b92d72 elementor-widget elementor-widget-heading\" data-id=\"3b92d72\" data-element_type=\"widget\" data-e-type=\"widget\" data-widget_type=\"heading.default\">\n\t\t\t\t<div class=\"elementor-widget-container\">\n\t\t\t\t\t<h2 class=\"elementor-heading-title elementor-size-default\">Contact us<\/h2>\t\t\t\t<\/div>\n\t\t\t\t<\/div>\n\t\t\t\t<div class=\"elementor-element elementor-element-d3a1c2f elementor-widget elementor-widget-text-editor\" data-id=\"d3a1c2f\" data-element_type=\"widget\" data-e-type=\"widget\" data-widget_type=\"text-editor.default\">\n\t\t\t\t<div class=\"elementor-widget-container\">\n\t\t\t\t\t\t\t\t\t<p><strong>info(at)omj.fi<\/strong><\/p>\t\t\t\t\t\t\t\t<\/div>\n\t\t\t\t<\/div>\n\t\t\t\t<div class=\"elementor-element elementor-element-d65b927 elementor-widget elementor-widget-text-editor\" data-id=\"d65b927\" data-element_type=\"widget\" data-e-type=\"widget\" data-widget_type=\"text-editor.default\">\n\t\t\t\t<div class=\"elementor-widget-container\">\n\t\t\t\t\t\t\t\t\t<p>In questions related to ticket sales, please contact us via<br \/><strong style=\"font-size: 1vw; font-family: -apple-system, BlinkMacSystemFont, 'Segoe UI', Roboto, 'Helvetica Neue', Arial, 'Noto Sans', sans-serif, 'Apple Color Emoji', 'Segoe UI Emoji', 'Segoe UI Symbol', 'Noto Color Emoji';\">myynti(at)omj.fi<\/strong><\/p>\t\t\t\t\t\t\t\t<\/div>\n\t\t\t\t<\/div>\n\t\t\t\t\t<\/div>\n\t\t<\/div>\n\t\t\t\t\t<\/div>\n\t\t<\/section>\n\t\t\t\t<section class=\"elementor-section elementor-top-section elementor-element elementor-element-dfd8c7b elementor-section-boxed elementor-section-height-default elementor-section-height-default\" data-id=\"dfd8c7b\" data-element_type=\"section\" data-e-type=\"section\">\n\t\t\t\t\t\t<div class=\"elementor-container elementor-column-gap-default\">\n\t\t\t\t\t<div class=\"elementor-column elementor-col-100 elementor-top-column elementor-element elementor-element-5bb108b\" data-id=\"5bb108b\" data-element_type=\"column\" data-e-type=\"column\">\n\t\t\t<div class=\"elementor-widget-wrap elementor-element-populated\">\n\t\t\t\t\t\t<div class=\"elementor-element elementor-element-fc608af elementor-align-center elementor-widget elementor-widget-button\" data-id=\"fc608af\" data-element_type=\"widget\" data-e-type=\"widget\" data-widget_type=\"button.default\">\n\t\t\t\t<div class=\"elementor-widget-container\">\n\t\t\t\t\t\t\t\t\t<div class=\"elementor-button-wrapper\">\n\t\t\t\t\t<a class=\"elementor-button elementor-button-link elementor-size-lg\" href=\"https:\/\/www.omj.fi\/en\/osoitejalaskutustiedot\/\" target=\"_blank\">\n\t\t\t\t\t\t<span class=\"elementor-button-content-wrapper\">\n\t\t\t\t\t\t<span class=\"elementor-button-icon\">\n\t\t\t\t<i aria-hidden=\"true\" class=\"fas fa-arrow-right\"><\/i>\t\t\t<\/span>\n\t\t\t\t\t\t\t\t\t<span class=\"elementor-button-text\">Address and billing information<\/span>\n\t\t\t\t\t<\/span>\n\t\t\t\t\t<\/a>\n\t\t\t\t<\/div>\n\t\t\t\t\t\t\t\t<\/div>\n\t\t\t\t<\/div>\n\t\t\t\t\t<\/div>\n\t\t<\/div>\n\t\t\t\t\t<\/div>\n\t\t<\/section>\n\t\t\t\t<\/div>","protected":false},"excerpt":{"rendered":"<p>OULUN MUSIIKKIJUHLAS\u00c4\u00c4TI\u00d6 Oulun Musiikkijuhlien takana toimii Oulun musiikkijuhlas\u00e4\u00e4ti\u00f6 sr, joka on Oulun kaupungin 1990 perustama s\u00e4\u00e4ti\u00f6. S\u00e4\u00e4ti\u00f6 tuottaa Oulun Musiikkijuhlat \u2013festivaalin lis\u00e4ksi ymp\u00e4rivuotista Jazz &amp; Etno \u2013konserttisarjaa sek\u00e4 kes\u00e4ist\u00e4 Jazzpatiota. Lis\u00e4ksi s\u00e4\u00e4ti\u00f6 j\u00e4rjest\u00e4\u00e4 festivaalin yhteydess\u00e4 vuosittaiset mestarikurssin. Oulun musiikkijuhlas\u00e4\u00e4ti\u00f6 tekee vuosittain yhteisty\u00f6t\u00e4 monien eri alan toimijoiden kanssa. S\u00c4\u00c4TI\u00d6N HALLITUS Oulun musiikkijuhlas\u00e4\u00e4ti\u00f6n toimintaa ohjaa s\u00e4\u00e4ti\u00f6n hallitus. [&hellip;]<\/p>\n","protected":false},"author":3,"featured_media":19937,"parent":0,"menu_order":0,"comment_status":"closed","ping_status":"closed","template":"elementor_header_footer","meta":{"_acf_changed":false,"footnotes":""},"class_list":["post-18170","page","type-page","status-publish","has-post-thumbnail","hentry"],"acf":[],"_links":{"self":[{"href":"https:\/\/www.omj.fi\/en\/wp-json\/wp\/v2\/pages\/18170","targetHints":{"allow":["GET"]}}],"collection":[{"href":"https:\/\/www.omj.fi\/en\/wp-json\/wp\/v2\/pages"}],"about":[{"href":"https:\/\/www.omj.fi\/en\/wp-json\/wp\/v2\/types\/page"}],"author":[{"embeddable":true,"href":"https:\/\/www.omj.fi\/en\/wp-json\/wp\/v2\/users\/3"}],"replies":[{"embeddable":true,"href":"https:\/\/www.omj.fi\/en\/wp-json\/wp\/v2\/comments?post=18170"}],"version-history":[{"count":202,"href":"https:\/\/www.omj.fi\/en\/wp-json\/wp\/v2\/pages\/18170\/revisions"}],"predecessor-version":[{"id":21582,"href":"https:\/\/www.omj.fi\/en\/wp-json\/wp\/v2\/pages\/18170\/revisions\/21582"}],"wp:featuredmedia":[{"embeddable":true,"href":"https:\/\/www.omj.fi\/en\/wp-json\/wp\/v2\/media\/19937"}],"wp:attachment":[{"href":"https:\/\/www.omj.fi\/en\/wp-json\/wp\/v2\/media?parent=18170"}],"curies":[{"name":"wp","href":"https:\/\/api.w.org\/{rel}","templated":true}]}}