{"id":18168,"date":"2024-04-06T15:28:08","date_gmt":"2024-04-06T12:28:08","guid":{"rendered":"https:\/\/www.omj.fi\/?page_id=18168"},"modified":"2025-01-14T15:30:27","modified_gmt":"2025-01-14T13:30:27","slug":"esiintyjaksi","status":"publish","type":"page","link":"https:\/\/www.omj.fi\/en\/esiintyjaksi\/","title":{"rendered":"Interested in performing?"},"content":{"rendered":"<div data-elementor-type=\"wp-page\" data-elementor-id=\"18168\" class=\"elementor elementor-18168\">\n\t\t\t\t\t\t<section class=\"elementor-section elementor-top-section elementor-element elementor-element-dc252a5 elementor-section-full_width elementor-section-height-default elementor-section-height-default\" data-id=\"dc252a5\" data-element_type=\"section\" data-e-type=\"section\">\n\t\t\t\t\t\t<div class=\"elementor-container elementor-column-gap-no\">\n\t\t\t\t\t<div class=\"elementor-column elementor-col-100 elementor-top-column elementor-element elementor-element-7d107ee\" data-id=\"7d107ee\" data-element_type=\"column\" data-e-type=\"column\">\n\t\t\t<div class=\"elementor-widget-wrap elementor-element-populated\">\n\t\t\t\t\t\t<section class=\"elementor-section elementor-inner-section elementor-element elementor-element-2045270 elementor-section-full_width elementor-section-height-default elementor-section-height-default\" data-id=\"2045270\" data-element_type=\"section\" data-e-type=\"section\">\n\t\t\t\t\t\t<div class=\"elementor-container elementor-column-gap-no\">\n\t\t\t\t\t<div class=\"elementor-column elementor-col-100 elementor-inner-column elementor-element elementor-element-5805160\" data-id=\"5805160\" data-element_type=\"column\" data-e-type=\"column\" data-settings=\"{&quot;background_background&quot;:&quot;classic&quot;}\">\n\t\t\t<div class=\"elementor-widget-wrap elementor-element-populated\">\n\t\t\t\t\t\t<div class=\"elementor-element elementor-element-7474a21 elementor-widget elementor-widget-heading\" data-id=\"7474a21\" data-element_type=\"widget\" data-e-type=\"widget\" data-widget_type=\"heading.default\">\n\t\t\t\t<div class=\"elementor-widget-container\">\n\t\t\t\t\t<h2 class=\"elementor-heading-title elementor-size-default\"><h2 style=\"font-family: Jost, sans-serif\">Are you interested in performing at the Oulu Music Festival?<span style=\"color: inherit;font-family: inherit;font-size: 2rem\"><\/span><\/h2><\/h2>\t\t\t\t<\/div>\n\t\t\t\t<\/div>\n\t\t\t\t<div class=\"elementor-element elementor-element-c070f5d elementor-widget elementor-widget-text-editor\" data-id=\"c070f5d\" data-element_type=\"widget\" data-e-type=\"widget\" data-widget_type=\"text-editor.default\">\n\t\t\t\t<div class=\"elementor-widget-container\">\n\t\t\t\t\t\t\t\t\t<p>Oulu Music Festival is held annually in March, offering a wide selection of concerts in classical and rhythmic music, along with various other musical experiences. In addition to the festival, we organize a year-round Jazz &amp; Etno concert series that features folk music and jazz. During the summer, we host a Jazzpatio in collaboration with Jumpru pub, where mainly local jazz artists perform on Jumpru's patio.<\/p>\n<p>If you're interested in performing at events organized by Oulu Music Festival, please submit your application by completing the application form provided. We will contact applicants if suitable performance opportunities arise in our program.<\/p>\t\t\t\t\t\t\t\t<\/div>\n\t\t\t\t<\/div>\n\t\t\t\t<div class=\"elementor-element elementor-element-bb2eb22 elementor-align-left elementor-widget elementor-widget-button\" data-id=\"bb2eb22\" data-element_type=\"widget\" data-e-type=\"widget\" data-widget_type=\"button.default\">\n\t\t\t\t<div class=\"elementor-widget-container\">\n\t\t\t\t\t\t\t\t\t<div class=\"elementor-button-wrapper\">\n\t\t\t\t\t<a class=\"elementor-button elementor-button-link elementor-size-sm\" href=\"https:\/\/forms.gle\/AGR7ySFWmWf6N3wu8\" target=\"_blank\" rel=\"noopener\">\n\t\t\t\t\t\t<span class=\"elementor-button-content-wrapper\">\n\t\t\t\t\t\t\t\t\t<span class=\"elementor-button-text\">Submit application<\/span>\n\t\t\t\t\t<\/span>\n\t\t\t\t\t<\/a>\n\t\t\t\t<\/div>\n\t\t\t\t\t\t\t\t<\/div>\n\t\t\t\t<\/div>\n\t\t\t\t<div class=\"elementor-element elementor-element-312b8bb elementor-widget elementor-widget-text-editor\" data-id=\"312b8bb\" data-element_type=\"widget\" data-e-type=\"widget\" data-widget_type=\"text-editor.default\">\n\t\t\t\t<div class=\"elementor-widget-container\">\n\t\t\t\t\t\t\t\t\t<p>Submit application\u00a0<a href=\"https:\/\/forms.gle\/AGR7ySFWmWf6N3wu8\" target=\"_blank\" rel=\"noopener\">via Google Forms<\/a>\u00a0(the link opens in a new tab).\u00a0<\/p><p>\u00a0<\/p>\t\t\t\t\t\t\t\t<\/div>\n\t\t\t\t<\/div>\n\t\t\t\t\t<\/div>\n\t\t<\/div>\n\t\t\t\t\t<\/div>\n\t\t<\/section>\n\t\t\t\t\t<\/div>\n\t\t<\/div>\n\t\t\t\t\t<\/div>\n\t\t<\/section>\n\t\t\t\t<\/div>","protected":false},"excerpt":{"rendered":"<p>Kiinnostaako esiintyminen Oulun Musiikkijuhlilla? Oulun Musiikkijuhlat j\u00e4rjestet\u00e4\u00e4n vuosittain maaliskuussa ja ohjelmistossa on laaja kirjo klassisen ja rytmimusiikin konsertteja sek\u00e4 muita musiikkiel\u00e4myksi\u00e4. Festivaalin lis\u00e4ksi j\u00e4rjest\u00e4mme ymp\u00e4rivuotista Jazz &amp; Etno -konserttisarjaa, jossa kuullaan kansanmusiikkia ja jazzia. Kes\u00e4ll\u00e4 j\u00e4rjest\u00e4mme Jumprun ja Oulun Musiikkijuhlien yhteist\u00e4 Jazzpatiota, jossa kuullaan p\u00e4\u00e4asiassa paikallisia jazzartisteja Jumprun patiolla. Mik\u00e4li esiintyminen Oulun Musiikkijuhlien tapahtumissa kiinnostaa, [&hellip;]<\/p>\n","protected":false},"author":3,"featured_media":19937,"parent":0,"menu_order":0,"comment_status":"closed","ping_status":"closed","template":"elementor_header_footer","meta":{"_acf_changed":false,"footnotes":""},"class_list":["post-18168","page","type-page","status-publish","has-post-thumbnail","hentry"],"acf":[],"_links":{"self":[{"href":"https:\/\/www.omj.fi\/en\/wp-json\/wp\/v2\/pages\/18168","targetHints":{"allow":["GET"]}}],"collection":[{"href":"https:\/\/www.omj.fi\/en\/wp-json\/wp\/v2\/pages"}],"about":[{"href":"https:\/\/www.omj.fi\/en\/wp-json\/wp\/v2\/types\/page"}],"author":[{"embeddable":true,"href":"https:\/\/www.omj.fi\/en\/wp-json\/wp\/v2\/users\/3"}],"replies":[{"embeddable":true,"href":"https:\/\/www.omj.fi\/en\/wp-json\/wp\/v2\/comments?post=18168"}],"version-history":[{"count":67,"href":"https:\/\/www.omj.fi\/en\/wp-json\/wp\/v2\/pages\/18168\/revisions"}],"predecessor-version":[{"id":19637,"href":"https:\/\/www.omj.fi\/en\/wp-json\/wp\/v2\/pages\/18168\/revisions\/19637"}],"wp:featuredmedia":[{"embeddable":true,"href":"https:\/\/www.omj.fi\/en\/wp-json\/wp\/v2\/media\/19937"}],"wp:attachment":[{"href":"https:\/\/www.omj.fi\/en\/wp-json\/wp\/v2\/media?parent=18168"}],"curies":[{"name":"wp","href":"https:\/\/api.w.org\/{rel}","templated":true}]}}