{"id":149,"date":"2021-07-14T09:43:30","date_gmt":"2021-07-14T06:43:30","guid":{"rendered":"https:\/\/www.omj.fi\/?page_id=149"},"modified":"2025-11-25T10:32:07","modified_gmt":"2025-11-25T08:32:07","slug":"konsertit-oulun-musiikkijuhlat","status":"publish","type":"page","link":"https:\/\/www.omj.fi\/en\/konsertit-oulun-musiikkijuhlat\/","title":{"rendered":"Konsertit"},"content":{"rendered":"<div data-elementor-type=\"wp-page\" data-elementor-id=\"149\" class=\"elementor elementor-149\">\n\t\t\t\t\t\t<section class=\"elementor-section elementor-top-section elementor-element elementor-element-c5dded3 elementor-section-full_width elementor-section-height-default elementor-section-height-default\" data-id=\"c5dded3\" data-element_type=\"section\" data-e-type=\"section\">\n\t\t\t\t\t\t<div class=\"elementor-container elementor-column-gap-no\">\n\t\t\t\t\t<div class=\"elementor-column elementor-col-100 elementor-top-column elementor-element elementor-element-9af4e40\" data-id=\"9af4e40\" data-element_type=\"column\" data-e-type=\"column\">\n\t\t\t<div class=\"elementor-widget-wrap elementor-element-populated\">\n\t\t\t\t\t\t<div class=\"elementor-element elementor-element-fea37ec elementor-widget elementor-widget-heading\" data-id=\"fea37ec\" data-element_type=\"widget\" data-e-type=\"widget\" data-widget_type=\"heading.default\">\n\t\t\t\t<div class=\"elementor-widget-container\">\n\t\t\t\t\t<h2 class=\"elementor-heading-title elementor-size-default\">All upcoming concerts and events<\/h2>\t\t\t\t<\/div>\n\t\t\t\t<\/div>\n\t\t\t\t\t<\/div>\n\t\t<\/div>\n\t\t\t\t\t<\/div>\n\t\t<\/section>\n\t\t\t\t<section class=\"elementor-section elementor-top-section elementor-element elementor-element-abc7998 elementor-section-full_width elementor-section-height-default elementor-section-height-default elementor-invisible\" data-id=\"abc7998\" data-element_type=\"section\" data-e-type=\"section\" data-settings=\"{&quot;animation&quot;:&quot;fadeIn&quot;,&quot;background_background&quot;:&quot;classic&quot;}\">\n\t\t\t\t\t\t\t<div class=\"elementor-background-overlay\"><\/div>\n\t\t\t\t\t\t\t<div class=\"elementor-container elementor-column-gap-no\">\n\t\t\t\t\t<div class=\"elementor-column elementor-col-100 elementor-top-column elementor-element elementor-element-8240c99\" data-id=\"8240c99\" data-element_type=\"column\" data-e-type=\"column\">\n\t\t\t<div class=\"elementor-widget-wrap elementor-element-populated\">\n\t\t\t\t\t\t<div class=\"elementor-element elementor-element-02a77a1 elementor-widget elementor-widget-ucaddon_konsertit_blocks\" data-id=\"02a77a1\" data-element_type=\"widget\" data-e-type=\"widget\" data-widget_type=\"ucaddon_konsertit_blocks.default\">\n\t\t\t\t<div class=\"elementor-widget-container\">\n\t\t\t\t\t\n<!-- start Konsertit blocks -->\n<style>\/* widget: Konsertit blocks *\/\n\n#uc_konsertit_blocks_elementor_02a77a1 {\n    display:grid;\n\tgrid-template-columns: repeat(3, 1fr);\n}\n#uc_konsertit_blocks_elementor_02a77a1 .ue_post_blocks_box\n{\n  \toverflow:hidden;\n  \tdisplay: flex;\n\tflex-direction: column;\n  \tposition: relative;\n}\n\n#uc_konsertit_blocks_elementor_02a77a1 .ue_post_blocks_title\n{\n    min-height: auto;\n    margin-bottom: 10px;\n}\n\n#uc_konsertit_blocks_elementor_02a77a1 .ue_post_blocks_image\n{\n  position: relative;\n  overflow:hidden;\n}\n#uc_konsertit_blocks_elementor_02a77a1 .ue_post_blocks_image img\n{\n  object-fit: cover;\n  object-position:center center;\n  width:100%;\n  display:block;\n}\n\n#uc_konsertit_blocks_elementor_02a77a1 .ue_post_blocks_link a\n{\n  display:;\n  text-decoration:none;\n  text-align:center;\n}\n\n #uc_konsertit_blocks_elementor_02a77a1 .ue_post_blocks_box img\n{\n  transition:0.5s;\n}\n #uc_konsertit_blocks_elementor_02a77a1 .ue_post_blocks_box:hover img\n{\n \/* transform:scale(1.1,1.1); *\/\n}\n\n\n\/* OMAT LIS\u00c4YKSET *\/\n#uc_konsertit_blocks_elementor_02a77a1 .oma_buttons_block {\n  \tmargin-top: auto;\n  \tdisplay: inline-flex;\n  \tbottom: 5%;\n\tposition: absolute;\n}\n\n#uc_konsertit_blocks_elementor_02a77a1 .blocks_buttons {\n\tdisplay: block;\n  \tmargin-right: 10px;\n}\n\n #uc_konsertit_blocks_elementor_02a77a1 .ue_post_blocks_content{\n    display: flex;\n    flex-direction: column;\n    flex: 1;\n    width: 95%;\n    margin: -5% auto 0 auto;\n   \tz-index: 1;\n   \tposition: relative;\n\tmin-height: 350px;\n}\n\n #uc_konsertit_blocks_elementor_02a77a1 .stream-logo {\n    position: absolute;\n    width: 45px;\n   top: 1%;\n   left: 1%;\n   z-index: 1;\n}\n\n@media screen and (max-width: 1024px) {\n  #uc_konsertit_blocks_elementor_02a77a1 {\n  grid-template-columns: repeat(2, 1fr); \/* 2 *\/\n  }\n}\n\n@media screen and (max-width: 550px) {\n#uc_konsertit_blocks_elementor_02a77a1 {\n\tgrid-template-columns: repeat(1, 1fr); \/* 1 *\/\n   }\n#uc_konsertit_blocks_elementor_02a77a1 .ue_post_blocks_content{\n   \tposition: relative;\n\tmin-height: 300px;\n\t}\n}\n\n<\/style>\n\n<div id=\"uc_konsertit_blocks_elementor_02a77a1\" class=\"ue_post_blocks\">\n\t \n\t\n\t\n\n       \n<div class=\"ue_post_blocks_box ue_post_blocks_box_omj\" style=\"text-align:left;\">\n  \n       \n      <div class=\"ue_post_blocks_image\">\n        <a href=\"https:\/\/www.omj.fi\/en\/konsertit\/jazz-at-lincoln-center-orchestra-with-wynton-marsalis\/\" style=\"display:block;\"><img decoding=\"async\" class=\"card-image\" src=\"https:\/\/www.omj.fi\/wp-content\/uploads\/2026\/04\/Lincoln-Jazz-Verkkosivukuva-600-x-300-px-2.png\" alt=\"\" title=\"\"><\/a>\n                      <\/div>\n        <div class=\"ue_post_blocks_content ue_post_blocks_content_omj\">\n        \t<div class=\"ue_post_blocks_title\"><a href=\"https:\/\/www.omj.fi\/en\/konsertit\/jazz-at-lincoln-center-orchestra-with-wynton-marsalis\/\">Jazz at Lincoln Center Orchestra with Wynton Marsalis<\/a><\/div>\n        \n    <div class=\"ue_post_blocks_short_text\">Trumpetisti Wynton Marsalis ja Jazz at Lincoln Center Orchestra t\u00e4hditt\u00e4v\u00e4t jazzin juhlavuotta<\/div>\n\n    <div class=\"konsertti_margin\">\n\n    <div class=\"ue_post_blocks_date tiedot\"><i class=\"fas fa-calendar-day oma-icon\"><\/i><span>02.12.2026 @ 19:00<\/span><\/div>    <div class=\"ue_post_blocks_date tiedot\"><i class=\"fas fa-map-pin oma-icon\"><\/i><span>Madetoja Hall<\/span><\/div>          \t<div class=\"ue_post_blocks_date tiedot peruttu\" ><i class=\"fas fa-euro-sign oma-icon\"><\/i><span>79 \u20ac <\/span><\/div>\n                \n        \n      <div class=\"oma_buttons_block\">\n          <div class=\"blocks_buttons ue_post_blocks_button\"><a href=\"https:\/\/www.omj.fi\/en\/konsertit\/jazz-at-lincoln-center-orchestra-with-wynton-marsalis\/\">Read more<\/a><\/div>          <div class=\"ue_post_blocks_buy_button blocks_buttons\"><a href=\"https:\/\/www.lippu.fi\/eventseries\/name-4136630\" target=\"_blank\" rel=\"noopener\">Buy tickets<\/a><\/div>                <\/div>\n    <\/div>\n    <\/div>\n<\/div>\n   \n      \n\n\n<\/div>\n<!-- end Konsertit blocks -->\t\t\t\t<\/div>\n\t\t\t\t<\/div>\n\t\t\t\t\t<\/div>\n\t\t<\/div>\n\t\t\t\t\t<\/div>\n\t\t<\/section>\n\t\t\t\t<section class=\"elementor-section elementor-top-section elementor-element elementor-element-baf42da elementor-section-full_width elementor-section-height-default elementor-section-height-default\" data-id=\"baf42da\" data-element_type=\"section\" data-e-type=\"section\">\n\t\t\t\t\t\t<div class=\"elementor-container elementor-column-gap-no\">\n\t\t\t\t\t<div class=\"elementor-column elementor-col-100 elementor-top-column elementor-element elementor-element-08df3b9\" data-id=\"08df3b9\" data-element_type=\"column\" data-e-type=\"column\">\n\t\t\t<div class=\"elementor-widget-wrap elementor-element-populated\">\n\t\t\t\t\t\t<div class=\"elementor-element elementor-element-b2b78a7 elementor-align-center elementor-widget elementor-widget-button\" data-id=\"b2b78a7\" data-element_type=\"widget\" data-e-type=\"widget\" data-widget_type=\"button.default\">\n\t\t\t\t<div class=\"elementor-widget-container\">\n\t\t\t\t\t\t\t\t\t<div class=\"elementor-button-wrapper\">\n\t\t\t\t\t<a class=\"elementor-button elementor-button-link elementor-size-lg\" href=\"https:\/\/www.omj.fi\/en\/konsertit-oulun-musiikkijuhlat\/menneet-konsertit\/\">\n\t\t\t\t\t\t<span class=\"elementor-button-content-wrapper\">\n\t\t\t\t\t\t<span class=\"elementor-button-icon\">\n\t\t\t\t<i aria-hidden=\"true\" class=\"fas fa-arrow-right\"><\/i>\t\t\t<\/span>\n\t\t\t\t\t\t\t\t\t<span class=\"elementor-button-text\">Past concerts<\/span>\n\t\t\t\t\t<\/span>\n\t\t\t\t\t<\/a>\n\t\t\t\t<\/div>\n\t\t\t\t\t\t\t\t<\/div>\n\t\t\t\t<\/div>\n\t\t\t\t\t<\/div>\n\t\t<\/div>\n\t\t\t\t\t<\/div>\n\t\t<\/section>\n\t\t\t\t<\/div>","protected":false},"excerpt":{"rendered":"<p>Kaikki tulevat konsertit ja tapahtumat OMJ 2026 Kamarikonsertti: Melodia Intima Levynjulkaisukonsertti tarjoaa l\u00e4pileikkauksen Leevi Madetojan kamarimusiikkiin 22.03.2026 @ 19:00 Oulun kaupungintalon juhlasali 26 \u20ac \/ 18 \u20ac \/ 10 \u20ac Lue lis\u00e4\u00e4 Osta lippu OMJ 2026 Rakkauden kaava \u2013 Arvo P\u00e4rtin tuotannon j\u00e4ljill\u00e4 N\u00e4yttely Arvo P\u00e4rtin luovasta ty\u00f6skentelyst\u00e4 9.\u201322.3.2026 22.03.2026 @ Madetojan sali, Oulun Musiikkikeskus [&hellip;]<\/p>\n","protected":false},"author":1,"featured_media":19937,"parent":0,"menu_order":0,"comment_status":"closed","ping_status":"closed","template":"elementor_header_footer","meta":{"_acf_changed":false,"footnotes":""},"class_list":["post-149","page","type-page","status-publish","has-post-thumbnail","hentry"],"acf":[],"_links":{"self":[{"href":"https:\/\/www.omj.fi\/en\/wp-json\/wp\/v2\/pages\/149","targetHints":{"allow":["GET"]}}],"collection":[{"href":"https:\/\/www.omj.fi\/en\/wp-json\/wp\/v2\/pages"}],"about":[{"href":"https:\/\/www.omj.fi\/en\/wp-json\/wp\/v2\/types\/page"}],"author":[{"embeddable":true,"href":"https:\/\/www.omj.fi\/en\/wp-json\/wp\/v2\/users\/1"}],"replies":[{"embeddable":true,"href":"https:\/\/www.omj.fi\/en\/wp-json\/wp\/v2\/comments?post=149"}],"version-history":[{"count":30,"href":"https:\/\/www.omj.fi\/en\/wp-json\/wp\/v2\/pages\/149\/revisions"}],"predecessor-version":[{"id":21040,"href":"https:\/\/www.omj.fi\/en\/wp-json\/wp\/v2\/pages\/149\/revisions\/21040"}],"wp:featuredmedia":[{"embeddable":true,"href":"https:\/\/www.omj.fi\/en\/wp-json\/wp\/v2\/media\/19937"}],"wp:attachment":[{"href":"https:\/\/www.omj.fi\/en\/wp-json\/wp\/v2\/media?parent=149"}],"curies":[{"name":"wp","href":"https:\/\/api.w.org\/{rel}","templated":true}]}}