{"id":18166,"date":"2024-04-06T15:26:35","date_gmt":"2024-04-06T12:26:35","guid":{"rendered":"https:\/\/www.omj.fi\/?page_id=18166"},"modified":"2026-02-10T13:56:14","modified_gmt":"2026-02-10T11:56:14","slug":"osoitejalaskutustiedot","status":"publish","type":"page","link":"http:\/\/www.omj.fi\/en\/osoitejalaskutustiedot\/","title":{"rendered":"Address and billing information"},"content":{"rendered":"<div data-elementor-type=\"wp-page\" data-elementor-id=\"18166\" class=\"elementor elementor-18166\">\n\t\t\t\t\t\t<section class=\"elementor-section elementor-top-section elementor-element elementor-element-a1b304f elementor-section-full_width elementor-section-height-default elementor-section-height-default\" data-id=\"a1b304f\" data-element_type=\"section\" data-e-type=\"section\">\n\t\t\t\t\t\t<div class=\"elementor-container elementor-column-gap-no\">\n\t\t\t\t\t<div class=\"elementor-column elementor-col-100 elementor-top-column elementor-element elementor-element-06d9ee3\" data-id=\"06d9ee3\" data-element_type=\"column\" data-e-type=\"column\">\n\t\t\t<div class=\"elementor-widget-wrap elementor-element-populated\">\n\t\t\t\t\t\t<section class=\"elementor-section elementor-inner-section elementor-element elementor-element-c4a170c elementor-section-full_width elementor-section-height-default elementor-section-height-default\" data-id=\"c4a170c\" data-element_type=\"section\" data-e-type=\"section\">\n\t\t\t\t\t\t<div class=\"elementor-container elementor-column-gap-no\">\n\t\t\t\t\t<div class=\"elementor-column elementor-col-100 elementor-inner-column elementor-element elementor-element-d1b5722\" data-id=\"d1b5722\" data-element_type=\"column\" data-e-type=\"column\" data-settings=\"{&quot;background_background&quot;:&quot;classic&quot;}\">\n\t\t\t<div class=\"elementor-widget-wrap elementor-element-populated\">\n\t\t\t\t\t\t<div class=\"elementor-element elementor-element-e6be35e elementor-widget elementor-widget-heading\" data-id=\"e6be35e\" data-element_type=\"widget\" data-e-type=\"widget\" data-widget_type=\"heading.default\">\n\t\t\t\t<div class=\"elementor-widget-container\">\n\t\t\t\t\t<h2 class=\"elementor-heading-title elementor-size-default\"><h2 style=\"font-family: Jost, sans-serif\">ADDRESS AND BILLING INFORMATION<span style=\"color: inherit;font-family: inherit;font-size: 2rem\"><\/span><\/h2><\/h2>\t\t\t\t<\/div>\n\t\t\t\t<\/div>\n\t\t\t\t<div class=\"elementor-element elementor-element-f861359 elementor-widget elementor-widget-text-editor\" data-id=\"f861359\" data-element_type=\"widget\" data-e-type=\"widget\" data-widget_type=\"text-editor.default\">\n\t\t\t\t<div class=\"elementor-widget-container\">\n\t\t\t\t\t\t\t\t\t<p>Oulun musiikkijuhlas\u00e4\u00e4tio sr<br \/>Mannenkatu 6A<br \/>90130 Oulu<br \/><br \/>Business ID: 0817567-3<\/p>\t\t\t\t\t\t\t\t<\/div>\n\t\t\t\t<\/div>\n\t\t\t\t<div class=\"elementor-element elementor-element-fd4637c elementor-widget elementor-widget-text-editor\" data-id=\"fd4637c\" data-element_type=\"widget\" data-e-type=\"widget\" data-widget_type=\"text-editor.default\">\n\t\t\t\t<div class=\"elementor-widget-container\">\n\t\t\t\t\t\t\t\t\t<h4 style=\"font-family: Jost, sans-serif; color: #333333;\">BILLING INFORMATION<\/h4><p><strong>We only accept e-invoices<\/strong><\/p><p>Operator: Apix Messaging Oy (003723327487)<br \/>Electronic invoice address: 003708175673<br \/>Electronical Data Interchange ID (EDI): 003708175673<\/p><p><i>Please note that when sending e-invoices to our Apix address from Danske Bank Oyj, Handelsbanken, Paikallisosuuspankit or S\u00e4\u00e4st\u00f6pankit you must send e-invoices to following address: e-invoice address: 003723327487 and operator code: DABAFIHH.<\/i><\/p><hr \/><p><b>If you are unable to send an e-invoice, please send the invoice via a scanning service<\/b><\/p><p>Oulu Music Festival Foundation's e-mail scanning address:<br \/>003708175673(at)procountor.apix.fi<\/p><div>Oulun musiikkijuhlas\u00e4\u00e4ti\u00f6 sr (Apix scanning service)<\/div><div>P.O. Box 16112<\/div><div>00021 LASKUTUS<\/div><p>To enable the scanning service to recognise your invoice, the invoice address is to be printed on the actual invoice, not only on the envelope.<\/p><p>Please note that no other material than invoices is allowed to be sent to this address.<\/p>\t\t\t\t\t\t\t\t<\/div>\n\t\t\t\t<\/div>\n\t\t\t\t\t<\/div>\n\t\t<\/div>\n\t\t\t\t\t<\/div>\n\t\t<\/section>\n\t\t\t\t<section class=\"elementor-section elementor-inner-section elementor-element elementor-element-76b2067 elementor-section-full_width elementor-section-height-default elementor-section-height-default\" data-id=\"76b2067\" data-element_type=\"section\" data-e-type=\"section\">\n\t\t\t\t\t\t<div class=\"elementor-container elementor-column-gap-no\">\n\t\t\t\t\t<div class=\"elementor-column elementor-col-100 elementor-inner-column elementor-element elementor-element-e4e0f4a\" data-id=\"e4e0f4a\" data-element_type=\"column\" data-e-type=\"column\" data-settings=\"{&quot;background_background&quot;:&quot;classic&quot;}\">\n\t\t\t<div class=\"elementor-widget-wrap elementor-element-populated\">\n\t\t\t\t\t\t\t<\/div>\n\t\t<\/div>\n\t\t\t\t\t<\/div>\n\t\t<\/section>\n\t\t\t\t\t<\/div>\n\t\t<\/div>\n\t\t\t\t\t<\/div>\n\t\t<\/section>\n\t\t\t\t<\/div>","protected":false},"excerpt":{"rendered":"<p>OSOITE- JA LASKUTUSTIEDOT Oulun musiikkijuhlas\u00e4\u00e4tio srMannenkatu 6A90130 Oulu Y-tunnus: 0817567-3 LASKUTUSTIEDOT Otamme vastaan ainoastaan verkkolaskuja Operaattori: Apix Messaging Oy (003723327487)Verkkolaskuosoite: 003708175673OVT-tunnus: 003708175673 Huomioittehan, ett\u00e4 mik\u00e4li k\u00e4yt\u00f6ss\u00e4nne on jokin seuraavista operaattoreista verkkolaskun l\u00e4hett\u00e4miseen: Danske Bank Oyj, Handelsbanken, Paikallisosuuspankit tai S\u00e4\u00e4st\u00f6pankit, tulee teid\u00e4n k\u00e4ytt\u00e4\u00e4 Apixin verkkolaskuosoitteenamme seuraavaa osoitetta: verkkolaskuosoite: 003723327487 ja operaattoritunnus: DABAFIHH. Mik\u00e4li ette voi l\u00e4hett\u00e4\u00e4 [&hellip;]<\/p>\n","protected":false},"author":3,"featured_media":19937,"parent":0,"menu_order":0,"comment_status":"closed","ping_status":"closed","template":"elementor_header_footer","meta":{"_acf_changed":false,"footnotes":""},"class_list":["post-18166","page","type-page","status-publish","has-post-thumbnail","hentry"],"acf":[],"_links":{"self":[{"href":"http:\/\/www.omj.fi\/en\/wp-json\/wp\/v2\/pages\/18166","targetHints":{"allow":["GET"]}}],"collection":[{"href":"http:\/\/www.omj.fi\/en\/wp-json\/wp\/v2\/pages"}],"about":[{"href":"http:\/\/www.omj.fi\/en\/wp-json\/wp\/v2\/types\/page"}],"author":[{"embeddable":true,"href":"http:\/\/www.omj.fi\/en\/wp-json\/wp\/v2\/users\/3"}],"replies":[{"embeddable":true,"href":"http:\/\/www.omj.fi\/en\/wp-json\/wp\/v2\/comments?post=18166"}],"version-history":[{"count":77,"href":"http:\/\/www.omj.fi\/en\/wp-json\/wp\/v2\/pages\/18166\/revisions"}],"predecessor-version":[{"id":21354,"href":"http:\/\/www.omj.fi\/en\/wp-json\/wp\/v2\/pages\/18166\/revisions\/21354"}],"wp:featuredmedia":[{"embeddable":true,"href":"http:\/\/www.omj.fi\/en\/wp-json\/wp\/v2\/media\/19937"}],"wp:attachment":[{"href":"http:\/\/www.omj.fi\/en\/wp-json\/wp\/v2\/media?parent=18166"}],"curies":[{"name":"wp","href":"https:\/\/api.w.org\/{rel}","templated":true}]}}